{"id":204,"date":"2014-08-29T19:02:51","date_gmt":"2014-08-29T19:02:51","guid":{"rendered":"http:\/\/themes.kadencethemes.com\/pinnacle-premium\/?page_id=204"},"modified":"2019-12-02T11:06:05","modified_gmt":"2019-12-02T11:06:05","slug":"staff","status":"publish","type":"page","link":"https:\/\/www.gaspard.be\/www\/language\/fr\/staff\/","title":{"rendered":"A propos de J.Gaspard"},"content":{"rendered":"<div id=\"pl-204\"  class=\"panel-layout\" ><div id=\"pg-204-0\"  class=\"panel-grid panel-no-style\" ><div id=\"pgc-204-0-0\"  class=\"panel-grid-cell\" ><div id=\"panel-204-0-0-0\" class=\"so-panel widget widget_black-studio-tinymce widget_black_studio_tinymce panel-first-child panel-last-child\" data-index=\"0\" ><div class=\"textwidget\">\n<div class=\"panel-group\" id=\"accordionname759\"><div class=\"panel panel-default\"><div class=\"panel-heading\"><a class=\"accordion-toggle \" data-toggle=\"collapse\" data-parent=\"#accordionname759\" href=\"#collapse7590\"><h5><i class=\"kt-icon-minus primary-color\"><\/i><i class=\"kt-icon-plus\"><\/i>Entreprise familiale<\/h5><\/a><\/div><div id=\"collapse7590\" class=\"panel-collapse collapse in\"><div class=\"panel-body postclass\">\nFond\u00e9e en 1989 par monsieur Jacques Gaspard, la SPRL J.Gaspard est une soci\u00e9t\u00e9 familiale.\n\nAu d\u00e9part, menuiserie g\u00e9n\u00e9raliste,\u00a0l'entreprise s'est\u00a0sp\u00e9cialis\u00e9e avec le temps dans la menuiserie\u00a0du b\u00e2timent.\n\nC\u2019est, en autre, avec l\u2019implication de l\u2019a\u00een\u00e9 de ses fils, J\u00e9r\u00f4me, que la soci\u00e9t\u00e9 familiale a pris la direction du march\u00e9 sp\u00e9cifique de la menuiserie aluminium.\n\nLa passion pour l\u2019innovation et le progr\u00e8s est un vecteur qui a toujours accompagn\u00e9 ses fondateurs.\n\n<\/div><\/div><\/div>\n<div class=\"panel panel-default\"><div class=\"panel-heading\"><a class=\"accordion-toggle collapsed\" data-toggle=\"collapse\" data-parent=\"#accordionname759\" href=\"#collapse7591\"><h5><i class=\"kt-icon-minus primary-color\"><\/i><i class=\"kt-icon-plus\"><\/i>Nos Clients, notre meilleure publicit\u00e9<\/h5><\/a><\/div><div id=\"collapse7591\" class=\"panel-collapse collapse \"><div class=\"panel-body postclass\">\n\n<span style=\"color: #000000;\">Nous r\u00e9pondons aux projets priv\u00e9s et publics. <\/span>\n\n<span style=\"color: #000000;\">Le d\u00e9nominateur commun aux deux \u00e9tant l\u2019exigence de nos clients. Notre zone d\u2019action est principalement centr\u00e9e sur la province de Li\u00e8ge. Plus ponctuellement, notre savoir-faire peut nous mener plus loin, voire hors des fronti\u00e8res.<\/span>\n\n<\/div><\/div><\/div>\n<div class=\"panel panel-default\"><div class=\"panel-heading\"><a class=\"accordion-toggle collapsed\" data-toggle=\"collapse\" data-parent=\"#accordionname759\" href=\"#collapse7592\"><h5><i class=\"kt-icon-minus primary-color\"><\/i><i class=\"kt-icon-plus\"><\/i>Des produits de qualit\u00e9, mis en \u0153uvre en nos ateliers <\/h5><\/a><\/div><div id=\"collapse7592\" class=\"panel-collapse collapse \"><div class=\"panel-body postclass\">\n\nEn 2002, avec la volont\u00e9 de proposer le meilleur \u00e0 nos clients, nous sommes devenus Sch\u00fcco Premium Partner. Plus r\u00e9cemment, nous sommes devenus fabricants\u00a0de menuiseries en acier de la marque Jansen. Pour r\u00e9pondre \u00e0 la demande de coulissants minimalistes, nous nous sommes aussi tourn\u00e9s vers la marque suisse Vitrocsa. Outre la garantie d\u2019un bon produit, c\u2019est aussi tout un bureau d\u2019\u00e9tude qui est au service de votre projet.\n\nNous comptons parmi notre \u00e9quipe, des dessinateurs et des architectes sp\u00e9cialis\u00e9s dans notre domaine.\n\nToute notre \u00e9quipe s\u2019implique personnellement dans la bonne conduite de votre r\u00e9alisation, et ce \u00e0 chaque \u00e9tape de sa gen\u00e8se.\n\nC\u2019est sans conteste, cela aussi l\u2019esprit d\u2019une entreprise familiale telle que la n\u00f4tre !\n\n<\/div><\/div><\/div>\n<div class=\"panel panel-default\"><div class=\"panel-heading\"><a class=\"accordion-toggle collapsed\" data-toggle=\"collapse\" data-parent=\"#accordionname759\" href=\"#collapse7593\"><h5><i class=\"kt-icon-minus primary-color\"><\/i><i class=\"kt-icon-plus\"><\/i>Pour un habitat de qualit\u00e9, respectueux de l'environnement<\/h5><\/a><\/div><div id=\"collapse7593\" class=\"panel-collapse collapse \"><div class=\"panel-body postclass\">\n\nNotre soci\u00e9t\u00e9 est r\u00e9solument tourn\u00e9e vers l\u2019\u00e9cologie. Nous vous proposons une gamme de produits en ad\u00e9quation avec les exigences thermiques de votre b\u00e2timent. En aval de votre projet, nous assurons, dans la mesure du possible, la valorisation et le recyclage des diff\u00e9rents mat\u00e9riaux r\u00e9sultants.\n\n<\/div><\/div><\/div><\/div>\n<\/div><\/div><\/div><\/div><div id=\"pg-204-1\"  class=\"panel-grid panel-has-style\" ><div style=\"border-top: 1px solid; \" class=\"panel-row-style panel-row-style-for-204-1\" ><div id=\"pgc-204-1-0\"  class=\"panel-grid-cell\" ><div id=\"panel-204-1-0-0\" class=\"so-panel widget widget_black-studio-tinymce widget_black_studio_tinymce panel-first-child panel-last-child\" data-index=\"1\" ><h3 class=\"widget-title\">Nos partenaires.<\/h3><div class=\"textwidget\"><\/div><\/div><\/div><\/div><\/div><div id=\"pg-204-2\"  class=\"panel-grid panel-no-style\" ><div id=\"pgc-204-2-0\"  class=\"panel-grid-cell\" ><div id=\"panel-204-2-0-0\" class=\"so-panel widget widget_black-studio-tinymce widget_black_studio_tinymce panel-first-child panel-last-child\" data-index=\"2\" ><div class=\"textwidget\"><p style=\"text-align: center;\"><img class=\"alignnone wp-image-3191 size-full\" src=\"http:\/\/www.gaspard.be\/www\/wp-content\/uploads\/2018\/03\/Schuco150150.png\" alt=\"\" width=\"150\" height=\"150\" data-id=\"3175\" \/><\/p>\n<\/div><\/div><\/div><div id=\"pgc-204-2-1\"  class=\"panel-grid-cell\" ><div id=\"panel-204-2-1-0\" class=\"so-panel widget widget_black-studio-tinymce widget_black_studio_tinymce panel-first-child panel-last-child\" data-index=\"3\" ><div class=\"textwidget\"><p style=\"text-align: center;\"><img class=\"alignnone wp-image-3192 size-full\" src=\"http:\/\/www.gaspard.be\/www\/wp-content\/uploads\/2018\/03\/Vitrocsa150150.png\" alt=\"\" width=\"150\" height=\"150\" data-id=\"3176\" \/><\/p>\n<\/div><\/div><\/div><div id=\"pgc-204-2-2\"  class=\"panel-grid-cell\" ><div id=\"panel-204-2-2-0\" class=\"so-panel widget widget_black-studio-tinymce widget_black_studio_tinymce panel-first-child panel-last-child\" data-index=\"4\" ><div class=\"panel-widget-style panel-widget-style-for-204-2-2-0\" ><div class=\"textwidget\"><p style=\"text-align: center;\"><img class=\"alignnone wp-image-3193 size-full\" src=\"http:\/\/www.gaspard.be\/www\/wp-content\/uploads\/2018\/03\/RENSON150150.png\" alt=\"\" width=\"150\" height=\"150\" data-id=\"3179\" \/><\/p>\n<\/div><\/div><\/div><\/div><div id=\"pgc-204-2-3\"  class=\"panel-grid-cell\" ><div id=\"panel-204-2-3-0\" class=\"so-panel widget widget_black-studio-tinymce widget_black_studio_tinymce panel-first-child panel-last-child\" data-index=\"5\" ><div class=\"textwidget\"><p style=\"text-align: center;\"><img class=\"alignnone wp-image-3194 size-full\" src=\"http:\/\/www.gaspard.be\/www\/wp-content\/uploads\/2018\/03\/ADECO150150.png\" alt=\"\" width=\"150\" height=\"150\" data-id=\"3180\" \/><\/p>\n<\/div><\/div><\/div><div id=\"pgc-204-2-4\"  class=\"panel-grid-cell\" ><div id=\"panel-204-2-4-0\" class=\"so-panel widget widget_black-studio-tinymce widget_black_studio_tinymce panel-first-child panel-last-child\" data-index=\"6\" ><div class=\"textwidget\"><p style=\"text-align: center;\"><img class=\"alignnone wp-image-3195 size-full\" src=\"http:\/\/www.gaspard.be\/www\/wp-content\/uploads\/2018\/03\/GlasFandel150150.png\" alt=\"\" width=\"150\" height=\"150\" data-id=\"3183\" \/><\/p>\n<\/div><\/div><\/div><div id=\"pgc-204-2-5\"  class=\"panel-grid-cell\" ><div id=\"panel-204-2-5-0\" class=\"so-panel widget widget_black-studio-tinymce widget_black_studio_tinymce panel-first-child panel-last-child\" data-index=\"7\" ><div class=\"textwidget\"><p style=\"text-align: center;\"><img class=\"alignnone wp-image-3196 size-full\" src=\"http:\/\/www.gaspard.be\/www\/wp-content\/uploads\/2018\/03\/Warema150150.png\" alt=\"\" width=\"150\" height=\"150\" data-id=\"3184\" \/><\/p>\n<\/div><\/div><\/div><div id=\"pgc-204-2-6\"  class=\"panel-grid-cell\" ><div id=\"panel-204-2-6-0\" class=\"so-panel widget widget_black-studio-tinymce widget_black_studio_tinymce panel-first-child panel-last-child\" data-index=\"8\" ><div class=\"textwidget\"><p style=\"text-align: center;\"><img class=\"alignnone wp-image-3197 size-full\" src=\"http:\/\/www.gaspard.be\/www\/wp-content\/uploads\/2018\/03\/Jansen150150.png\" alt=\"\" width=\"150\" height=\"150\" data-id=\"3185\" \/><\/p>\n<\/div><\/div><\/div><div id=\"pgc-204-2-7\"  class=\"panel-grid-cell\" ><div id=\"panel-204-2-7-0\" class=\"so-panel widget widget_black-studio-tinymce widget_black_studio_tinymce panel-first-child panel-last-child\" data-index=\"9\" ><div class=\"textwidget\"><p style=\"text-align: center;\"><img class=\"alignnone wp-image-3198 size-full\" src=\"http:\/\/www.gaspard.be\/www\/wp-content\/uploads\/2018\/03\/SprimoGlass150150.png\" alt=\"\" width=\"150\" height=\"150\" data-id=\"3186\" \/><\/p>\n<\/div><\/div><\/div><\/div><\/div>","protected":false},"excerpt":{"rendered":"<p>Entreprise familiale Fond\u00e9e en 1989 par monsieur Jacques Gaspard, la SPRL J.Gaspard est une soci\u00e9t\u00e9 familiale. Au d\u00e9part, menuiserie g\u00e9n\u00e9raliste,\u00a0l&#8217;entreprise s&#8217;est\u00a0sp\u00e9cialis\u00e9e avec le temps dans la menuiserie\u00a0du b\u00e2timent. C\u2019est, en autre, avec l\u2019implication de l\u2019a\u00een\u00e9 de ses fils, J\u00e9r\u00f4me, que &hellip; <a href=\"https:\/\/www.gaspard.be\/www\/language\/fr\/staff\/\">Continuer<\/a><\/p>\n","protected":false},"author":1,"featured_media":0,"parent":0,"menu_order":0,"comment_status":"closed","ping_status":"closed","template":"template-staff-grid.php","meta":[],"yoast_head":"<!-- This site is optimized with the Yoast SEO plugin v20.5 - https:\/\/yoast.com\/wordpress\/plugins\/seo\/ -->\n<title>A propos de Gaspard<\/title>\n<meta name=\"robots\" content=\"index, follow, max-snippet:-1, max-image-preview:large, max-video-preview:-1\" \/>\n<link rel=\"canonical\" href=\"https:\/\/www.gaspard.be\/www\/language\/fr\/staff\/\" \/>\n<meta property=\"og:locale\" content=\"en_US\" \/>\n<meta property=\"og:type\" content=\"article\" \/>\n<meta property=\"og:title\" content=\"A propos de Gaspard\" \/>\n<meta property=\"og:description\" content=\"Entreprise familiale Fond\u00e9e en 1989 par monsieur Jacques Gaspard, la SPRL J.Gaspard est une soci\u00e9t\u00e9 familiale. Au d\u00e9part, menuiserie g\u00e9n\u00e9raliste,\u00a0l&#039;entreprise s&#039;est\u00a0sp\u00e9cialis\u00e9e avec le temps dans la menuiserie\u00a0du b\u00e2timent. C\u2019est, en autre, avec l\u2019implication de l\u2019a\u00een\u00e9 de ses fils, J\u00e9r\u00f4me, que &hellip; Continuer\" \/>\n<meta property=\"og:url\" content=\"https:\/\/www.gaspard.be\/www\/language\/fr\/staff\/\" \/>\n<meta property=\"og:site_name\" content=\"J.Gaspard\" \/>\n<meta property=\"article:modified_time\" content=\"2019-12-02T11:06:05+00:00\" \/>\n<meta property=\"og:image\" content=\"http:\/\/www.gaspard.be\/www\/wp-content\/uploads\/2018\/03\/Schuco150150.png\" \/>\n<meta name=\"twitter:card\" content=\"summary_large_image\" \/>\n<meta name=\"twitter:label1\" content=\"Est. reading time\" \/>\n\t<meta name=\"twitter:data1\" content=\"2 minutes\" \/>\n<script type=\"application\/ld+json\" class=\"yoast-schema-graph\">{\"@context\":\"https:\/\/schema.org\",\"@graph\":[{\"@type\":\"WebPage\",\"@id\":\"https:\/\/www.gaspard.be\/www\/language\/fr\/staff\/\",\"url\":\"https:\/\/www.gaspard.be\/www\/language\/fr\/staff\/\",\"name\":\"A propos de Gaspard\",\"isPartOf\":{\"@id\":\"https:\/\/www.gaspard.be\/www\/#website\"},\"datePublished\":\"2014-08-29T19:02:51+00:00\",\"dateModified\":\"2019-12-02T11:06:05+00:00\",\"breadcrumb\":{\"@id\":\"https:\/\/www.gaspard.be\/www\/language\/fr\/staff\/#breadcrumb\"},\"inLanguage\":\"en-US\",\"potentialAction\":[{\"@type\":\"ReadAction\",\"target\":[\"https:\/\/www.gaspard.be\/www\/language\/fr\/staff\/\"]}]},{\"@type\":\"BreadcrumbList\",\"@id\":\"https:\/\/www.gaspard.be\/www\/language\/fr\/staff\/#breadcrumb\",\"itemListElement\":[{\"@type\":\"ListItem\",\"position\":1,\"name\":\"Home\",\"item\":\"https:\/\/www.gaspard.be\/www\/language\/fr\/home\/\"},{\"@type\":\"ListItem\",\"position\":2,\"name\":\"A propos de J.Gaspard\"}]},{\"@type\":\"WebSite\",\"@id\":\"https:\/\/www.gaspard.be\/www\/#website\",\"url\":\"https:\/\/www.gaspard.be\/www\/\",\"name\":\"J.Gaspard\",\"description\":\"Ch\u00e2ssis Aluminium, Portes, Stores,....\",\"potentialAction\":[{\"@type\":\"SearchAction\",\"target\":{\"@type\":\"EntryPoint\",\"urlTemplate\":\"https:\/\/www.gaspard.be\/www\/?s={search_term_string}\"},\"query-input\":\"required name=search_term_string\"}],\"inLanguage\":\"en-US\"}]}<\/script>\n<!-- \/ Yoast SEO plugin. -->","yoast_head_json":{"title":"A propos de Gaspard","robots":{"index":"index","follow":"follow","max-snippet":"max-snippet:-1","max-image-preview":"max-image-preview:large","max-video-preview":"max-video-preview:-1"},"canonical":"https:\/\/www.gaspard.be\/www\/language\/fr\/staff\/","og_locale":"en_US","og_type":"article","og_title":"A propos de Gaspard","og_description":"Entreprise familiale Fond\u00e9e en 1989 par monsieur Jacques Gaspard, la SPRL J.Gaspard est une soci\u00e9t\u00e9 familiale. Au d\u00e9part, menuiserie g\u00e9n\u00e9raliste,\u00a0l'entreprise s'est\u00a0sp\u00e9cialis\u00e9e avec le temps dans la menuiserie\u00a0du b\u00e2timent. C\u2019est, en autre, avec l\u2019implication de l\u2019a\u00een\u00e9 de ses fils, J\u00e9r\u00f4me, que &hellip; Continuer","og_url":"https:\/\/www.gaspard.be\/www\/language\/fr\/staff\/","og_site_name":"J.Gaspard","article_modified_time":"2019-12-02T11:06:05+00:00","og_image":[{"url":"http:\/\/www.gaspard.be\/www\/wp-content\/uploads\/2018\/03\/Schuco150150.png"}],"twitter_card":"summary_large_image","twitter_misc":{"Est. reading time":"2 minutes"},"schema":{"@context":"https:\/\/schema.org","@graph":[{"@type":"WebPage","@id":"https:\/\/www.gaspard.be\/www\/language\/fr\/staff\/","url":"https:\/\/www.gaspard.be\/www\/language\/fr\/staff\/","name":"A propos de Gaspard","isPartOf":{"@id":"https:\/\/www.gaspard.be\/www\/#website"},"datePublished":"2014-08-29T19:02:51+00:00","dateModified":"2019-12-02T11:06:05+00:00","breadcrumb":{"@id":"https:\/\/www.gaspard.be\/www\/language\/fr\/staff\/#breadcrumb"},"inLanguage":"en-US","potentialAction":[{"@type":"ReadAction","target":["https:\/\/www.gaspard.be\/www\/language\/fr\/staff\/"]}]},{"@type":"BreadcrumbList","@id":"https:\/\/www.gaspard.be\/www\/language\/fr\/staff\/#breadcrumb","itemListElement":[{"@type":"ListItem","position":1,"name":"Home","item":"https:\/\/www.gaspard.be\/www\/language\/fr\/home\/"},{"@type":"ListItem","position":2,"name":"A propos de J.Gaspard"}]},{"@type":"WebSite","@id":"https:\/\/www.gaspard.be\/www\/#website","url":"https:\/\/www.gaspard.be\/www\/","name":"J.Gaspard","description":"Ch\u00e2ssis Aluminium, Portes, Stores,....","potentialAction":[{"@type":"SearchAction","target":{"@type":"EntryPoint","urlTemplate":"https:\/\/www.gaspard.be\/www\/?s={search_term_string}"},"query-input":"required name=search_term_string"}],"inLanguage":"en-US"}]}},"_links":{"self":[{"href":"https:\/\/www.gaspard.be\/www\/wp-json\/wp\/v2\/pages\/204"}],"collection":[{"href":"https:\/\/www.gaspard.be\/www\/wp-json\/wp\/v2\/pages"}],"about":[{"href":"https:\/\/www.gaspard.be\/www\/wp-json\/wp\/v2\/types\/page"}],"author":[{"embeddable":true,"href":"https:\/\/www.gaspard.be\/www\/wp-json\/wp\/v2\/users\/1"}],"replies":[{"embeddable":true,"href":"https:\/\/www.gaspard.be\/www\/wp-json\/wp\/v2\/comments?post=204"}],"version-history":[{"count":124,"href":"https:\/\/www.gaspard.be\/www\/wp-json\/wp\/v2\/pages\/204\/revisions"}],"predecessor-version":[{"id":3412,"href":"https:\/\/www.gaspard.be\/www\/wp-json\/wp\/v2\/pages\/204\/revisions\/3412"}],"wp:attachment":[{"href":"https:\/\/www.gaspard.be\/www\/wp-json\/wp\/v2\/media?parent=204"}],"curies":[{"name":"wp","href":"https:\/\/api.w.org\/{rel}","templated":true}]}}