{"id":109,"date":"2014-08-28T06:39:23","date_gmt":"2014-08-28T06:39:23","guid":{"rendered":"http:\/\/themes.kadencethemes.com\/pinnacle-premium\/?page_id=109"},"modified":"2022-02-01T09:56:41","modified_gmt":"2022-02-01T09:56:41","slug":"contact-us","status":"publish","type":"page","link":"https:\/\/www.gaspard.be\/www\/language\/fr\/contact-us\/","title":{"rendered":"Contactez-nous"},"content":{"rendered":"<div id=\"pl-109\" class=\"panel-layout\">\n<div id=\"pg-109-0\" class=\"panel-grid panel-no-style\" data-style=\"{&quot;cell_alignment&quot;:&quot;flex-start&quot;,&quot;vertical_gutter&quot;:&quot;default&quot;,&quot;background_image&quot;:false,&quot;background_image_position&quot;:&quot;center top&quot;,&quot;background_image_style&quot;:&quot;cover&quot;,&quot;row_separator&quot;:&quot;none&quot;,&quot;next_row_background_color&quot;:&quot;&quot;}\" data-ratio=\"1\" data-ratio-direction=\"right\">\n<div id=\"pgc-109-0-0\" class=\"panel-grid-cell\" data-weight=\"1\">\n<div id=\"panel-109-0-0-0\" class=\"so-panel widget widget_black-studio-tinymce widget_black_studio_tinymce panel-first-child\" data-index=\"0\" data-style=\"{&quot;background_display&quot;:&quot;tile&quot;}\">\n<h3 class=\"widget-title\">Li\u00e8ge \u2013 Belgique<\/h3>\n<div class=\"textwidget\">\n<p style=\"text-align: center;\">Pour nous contacter, il vous suffit d&#8217;utiliser le formulaire en ligne, ou de nous appeler, nous vous r\u00e9pondrons en fran\u00e7ais, anglais ou n\u00e9erlandais.<br \/>\nNous serons heureux de r\u00e9pondre \u00e0 vos attentes.<\/p>\n<\/div>\n<\/div>\n<div id=\"panel-109-0-0-1\" class=\"so-panel widget widget_black-studio-tinymce widget_black_studio_tinymce\" data-index=\"1\" data-style=\"{&quot;background_display&quot;:&quot;tile&quot;}\">\n<h3 class=\"widget-title\">Appelez-nous<\/h3>\n<div class=\"textwidget\">\n<blockquote>\n<h5 style=\"text-align: center;\"><span style=\"color: #444444;\">Tel: +32 (0)4 342 36 94<\/span><\/h5>\n<\/blockquote>\n<p style=\"text-align: center;\">Rue de Renory 503 &#8211; B-4031 Li\u00e8ge (Angleur) &#8211;\u00a0 <a href=\"mailto:info@gaspard.be\">info@gaspard.be<\/a><\/p>\n<\/div>\n<\/div>\n<div id=\"panel-109-0-0-2\" class=\"so-panel widget widget_text panel-last-child\" data-index=\"2\" data-style=\"{&quot;background_display&quot;:&quot;tile&quot;}\">\n<h3 class=\"widget-title\">Google Street View<\/h3>\n<div class=\"textwidget\"><center><iframe loading=\"lazy\" style=\"border: 1;\" src=\"https:\/\/www.google.com\/maps\/embed?pb=!1m0!3m2!1sfr!2sbe!4v1450613217463!6m8!1m7!1sGWzL-SD958SrGigjGbp0xg!2m2!1d50.6060722225435!2d5.560735042418464!3f234.21231989072518!4f7.2164812259767785!5f0.7820865974627469\" width=\"100%\" height=\"100%\" frameborder=\"1\" allowfullscreen=\"allowfullscreen\"><\/iframe><\/center><\/div>\n<\/div>\n<\/div>\n<\/div>\n<\/div>\n","protected":false},"excerpt":{"rendered":"<p>Li\u00e8ge \u2013 Belgique Pour nous contacter, il vous suffit d&#8217;utiliser le formulaire en ligne, ou de nous appeler, nous vous r\u00e9pondrons en fran\u00e7ais, anglais ou n\u00e9erlandais. Nous serons heureux de r\u00e9pondre \u00e0 vos attentes. Appelez-nous Tel: +32 (0)4 342 36 &hellip; <a href=\"https:\/\/www.gaspard.be\/www\/language\/fr\/contact-us\/\">Continuer<\/a><\/p>\n","protected":false},"author":1,"featured_media":0,"parent":0,"menu_order":0,"comment_status":"closed","ping_status":"closed","template":"template-contact.php","meta":[],"yoast_head":"<!-- This site is optimized with the Yoast SEO plugin v20.5 - https:\/\/yoast.com\/wordpress\/plugins\/seo\/ -->\n<title>J.Gaspard Menuiserie Aluminium<\/title>\n<meta name=\"robots\" content=\"index, follow, max-snippet:-1, max-image-preview:large, max-video-preview:-1\" \/>\n<link rel=\"canonical\" href=\"https:\/\/www.gaspard.be\/www\/language\/fr\/contact-us\/\" \/>\n<meta property=\"og:locale\" content=\"en_US\" \/>\n<meta property=\"og:type\" content=\"article\" \/>\n<meta property=\"og:title\" content=\"J.Gaspard Menuiserie Aluminium\" \/>\n<meta property=\"og:description\" content=\"Li\u00e8ge \u2013 Belgique Pour nous contacter, il vous suffit d&#8217;utiliser le formulaire en ligne, ou de nous appeler, nous vous r\u00e9pondrons en fran\u00e7ais, anglais ou n\u00e9erlandais. Nous serons heureux de r\u00e9pondre \u00e0 vos attentes. Appelez-nous Tel: +32 (0)4 342 36 &hellip; Continuer\" \/>\n<meta property=\"og:url\" content=\"https:\/\/www.gaspard.be\/www\/language\/fr\/contact-us\/\" \/>\n<meta property=\"og:site_name\" content=\"J.Gaspard\" \/>\n<meta property=\"article:modified_time\" content=\"2022-02-01T09:56:41+00:00\" \/>\n<meta name=\"twitter:card\" content=\"summary_large_image\" \/>\n<meta name=\"twitter:label1\" content=\"Est. reading time\" \/>\n\t<meta name=\"twitter:data1\" content=\"1 minute\" \/>\n<script type=\"application\/ld+json\" class=\"yoast-schema-graph\">{\"@context\":\"https:\/\/schema.org\",\"@graph\":[{\"@type\":\"WebPage\",\"@id\":\"https:\/\/www.gaspard.be\/www\/language\/fr\/contact-us\/\",\"url\":\"https:\/\/www.gaspard.be\/www\/language\/fr\/contact-us\/\",\"name\":\"J.Gaspard Menuiserie Aluminium\",\"isPartOf\":{\"@id\":\"https:\/\/www.gaspard.be\/www\/#website\"},\"datePublished\":\"2014-08-28T06:39:23+00:00\",\"dateModified\":\"2022-02-01T09:56:41+00:00\",\"breadcrumb\":{\"@id\":\"https:\/\/www.gaspard.be\/www\/language\/fr\/contact-us\/#breadcrumb\"},\"inLanguage\":\"en-US\",\"potentialAction\":[{\"@type\":\"ReadAction\",\"target\":[\"https:\/\/www.gaspard.be\/www\/language\/fr\/contact-us\/\"]}]},{\"@type\":\"BreadcrumbList\",\"@id\":\"https:\/\/www.gaspard.be\/www\/language\/fr\/contact-us\/#breadcrumb\",\"itemListElement\":[{\"@type\":\"ListItem\",\"position\":1,\"name\":\"Home\",\"item\":\"https:\/\/www.gaspard.be\/www\/language\/fr\/home\/\"},{\"@type\":\"ListItem\",\"position\":2,\"name\":\"Contactez-nous\"}]},{\"@type\":\"WebSite\",\"@id\":\"https:\/\/www.gaspard.be\/www\/#website\",\"url\":\"https:\/\/www.gaspard.be\/www\/\",\"name\":\"J.Gaspard\",\"description\":\"Ch\u00e2ssis Aluminium, Portes, Stores,....\",\"potentialAction\":[{\"@type\":\"SearchAction\",\"target\":{\"@type\":\"EntryPoint\",\"urlTemplate\":\"https:\/\/www.gaspard.be\/www\/?s={search_term_string}\"},\"query-input\":\"required name=search_term_string\"}],\"inLanguage\":\"en-US\"}]}<\/script>\n<!-- \/ Yoast SEO plugin. -->","yoast_head_json":{"title":"J.Gaspard Menuiserie Aluminium","robots":{"index":"index","follow":"follow","max-snippet":"max-snippet:-1","max-image-preview":"max-image-preview:large","max-video-preview":"max-video-preview:-1"},"canonical":"https:\/\/www.gaspard.be\/www\/language\/fr\/contact-us\/","og_locale":"en_US","og_type":"article","og_title":"J.Gaspard Menuiserie Aluminium","og_description":"Li\u00e8ge \u2013 Belgique Pour nous contacter, il vous suffit d&#8217;utiliser le formulaire en ligne, ou de nous appeler, nous vous r\u00e9pondrons en fran\u00e7ais, anglais ou n\u00e9erlandais. Nous serons heureux de r\u00e9pondre \u00e0 vos attentes. Appelez-nous Tel: +32 (0)4 342 36 &hellip; Continuer","og_url":"https:\/\/www.gaspard.be\/www\/language\/fr\/contact-us\/","og_site_name":"J.Gaspard","article_modified_time":"2022-02-01T09:56:41+00:00","twitter_card":"summary_large_image","twitter_misc":{"Est. reading time":"1 minute"},"schema":{"@context":"https:\/\/schema.org","@graph":[{"@type":"WebPage","@id":"https:\/\/www.gaspard.be\/www\/language\/fr\/contact-us\/","url":"https:\/\/www.gaspard.be\/www\/language\/fr\/contact-us\/","name":"J.Gaspard Menuiserie Aluminium","isPartOf":{"@id":"https:\/\/www.gaspard.be\/www\/#website"},"datePublished":"2014-08-28T06:39:23+00:00","dateModified":"2022-02-01T09:56:41+00:00","breadcrumb":{"@id":"https:\/\/www.gaspard.be\/www\/language\/fr\/contact-us\/#breadcrumb"},"inLanguage":"en-US","potentialAction":[{"@type":"ReadAction","target":["https:\/\/www.gaspard.be\/www\/language\/fr\/contact-us\/"]}]},{"@type":"BreadcrumbList","@id":"https:\/\/www.gaspard.be\/www\/language\/fr\/contact-us\/#breadcrumb","itemListElement":[{"@type":"ListItem","position":1,"name":"Home","item":"https:\/\/www.gaspard.be\/www\/language\/fr\/home\/"},{"@type":"ListItem","position":2,"name":"Contactez-nous"}]},{"@type":"WebSite","@id":"https:\/\/www.gaspard.be\/www\/#website","url":"https:\/\/www.gaspard.be\/www\/","name":"J.Gaspard","description":"Ch\u00e2ssis Aluminium, Portes, Stores,....","potentialAction":[{"@type":"SearchAction","target":{"@type":"EntryPoint","urlTemplate":"https:\/\/www.gaspard.be\/www\/?s={search_term_string}"},"query-input":"required name=search_term_string"}],"inLanguage":"en-US"}]}},"_links":{"self":[{"href":"https:\/\/www.gaspard.be\/www\/wp-json\/wp\/v2\/pages\/109"}],"collection":[{"href":"https:\/\/www.gaspard.be\/www\/wp-json\/wp\/v2\/pages"}],"about":[{"href":"https:\/\/www.gaspard.be\/www\/wp-json\/wp\/v2\/types\/page"}],"author":[{"embeddable":true,"href":"https:\/\/www.gaspard.be\/www\/wp-json\/wp\/v2\/users\/1"}],"replies":[{"embeddable":true,"href":"https:\/\/www.gaspard.be\/www\/wp-json\/wp\/v2\/comments?post=109"}],"version-history":[{"count":52,"href":"https:\/\/www.gaspard.be\/www\/wp-json\/wp\/v2\/pages\/109\/revisions"}],"predecessor-version":[{"id":3398,"href":"https:\/\/www.gaspard.be\/www\/wp-json\/wp\/v2\/pages\/109\/revisions\/3398"}],"wp:attachment":[{"href":"https:\/\/www.gaspard.be\/www\/wp-json\/wp\/v2\/media?parent=109"}],"curies":[{"name":"wp","href":"https:\/\/api.w.org\/{rel}","templated":true}]}}